{"id":919,"date":"2017-06-23T16:18:28","date_gmt":"2017-06-23T21:18:28","guid":{"rendered":"http:\/\/supraciclaje.com\/?page_id=919\/"},"modified":"2017-06-30T16:13:25","modified_gmt":"2017-06-30T21:13:25","slug":"home","status":"publish","type":"page","link":"https:\/\/supraciclaje.com\/en\/recycling\/home\/","title":{"rendered":"Home Recycling"},"content":{"rendered":"<div class=\"wpb-content-wrapper\"><p>[vc_row][vc_column width=&#8221;1\/2&#8243;][vc_column_text css_animation=&#8221;fadeInLeftBig&#8221;]<img loading=\"lazy\" decoding=\"async\" class=\"alignnone wp-image-789 size-industry-half-sidebar-page\" src=\"http:\/\/supraciclaje.com\/wp-content\/uploads\/2017\/06\/recoleccion-reciclados-reciclaje-residencial-mexico-2-409x273.jpg\" alt=\"Reciclaje residencial, recolecci\u00f3n de chatarra, papel, cart\u00f3n, vidrio, pl\u00e1stico, aceite y mucho m\u00e1s\" width=\"409\" height=\"273\" srcset=\"https:\/\/supraciclaje.com\/wp-content\/uploads\/2017\/06\/recoleccion-reciclados-reciclaje-residencial-mexico-2-409x273.jpg 409w, https:\/\/supraciclaje.com\/wp-content\/uploads\/2017\/06\/recoleccion-reciclados-reciclaje-residencial-mexico-2-300x200.jpg 300w, https:\/\/supraciclaje.com\/wp-content\/uploads\/2017\/06\/recoleccion-reciclados-reciclaje-residencial-mexico-2-768x512.jpg 768w, https:\/\/supraciclaje.com\/wp-content\/uploads\/2017\/06\/recoleccion-reciclados-reciclaje-residencial-mexico-2-1024x683.jpg 1024w, https:\/\/supraciclaje.com\/wp-content\/uploads\/2017\/06\/recoleccion-reciclados-reciclaje-residencial-mexico-2-900x600.jpg 900w, https:\/\/supraciclaje.com\/wp-content\/uploads\/2017\/06\/recoleccion-reciclados-reciclaje-residencial-mexico-2-555x370.jpg 555w, https:\/\/supraciclaje.com\/wp-content\/uploads\/2017\/06\/recoleccion-reciclados-reciclaje-residencial-mexico-2-471x314.jpg 471w, https:\/\/supraciclaje.com\/wp-content\/uploads\/2017\/06\/recoleccion-reciclados-reciclaje-residencial-mexico-2-653x435.jpg 653w\" sizes=\"auto, (max-width: 409px) 100vw, 409px\" \/>[\/vc_column_text][\/vc_column][vc_column width=&#8221;1\/2&#8243;][vc_column_text css_animation=&#8221;fadeInRightBig&#8221;]<img loading=\"lazy\" decoding=\"async\" class=\"alignnone size-industry-half-sidebar-page wp-image-790\" src=\"http:\/\/supraciclaje.com\/wp-content\/uploads\/2017\/06\/recoleccion-reciclados-reciclaje-residencial-mexico-3-409x273.jpg\" alt=\"\" width=\"409\" height=\"273\" srcset=\"https:\/\/supraciclaje.com\/wp-content\/uploads\/2017\/06\/recoleccion-reciclados-reciclaje-residencial-mexico-3-409x273.jpg 409w, https:\/\/supraciclaje.com\/wp-content\/uploads\/2017\/06\/recoleccion-reciclados-reciclaje-residencial-mexico-3-300x200.jpg 300w, https:\/\/supraciclaje.com\/wp-content\/uploads\/2017\/06\/recoleccion-reciclados-reciclaje-residencial-mexico-3-768x512.jpg 768w, https:\/\/supraciclaje.com\/wp-content\/uploads\/2017\/06\/recoleccion-reciclados-reciclaje-residencial-mexico-3-1024x683.jpg 1024w, https:\/\/supraciclaje.com\/wp-content\/uploads\/2017\/06\/recoleccion-reciclados-reciclaje-residencial-mexico-3-900x600.jpg 900w, https:\/\/supraciclaje.com\/wp-content\/uploads\/2017\/06\/recoleccion-reciclados-reciclaje-residencial-mexico-3-555x370.jpg 555w, https:\/\/supraciclaje.com\/wp-content\/uploads\/2017\/06\/recoleccion-reciclados-reciclaje-residencial-mexico-3-471x314.jpg 471w, https:\/\/supraciclaje.com\/wp-content\/uploads\/2017\/06\/recoleccion-reciclados-reciclaje-residencial-mexico-3-653x436.jpg 653w, https:\/\/supraciclaje.com\/wp-content\/uploads\/2017\/06\/recoleccion-reciclados-reciclaje-residencial-mexico-3.jpg 1072w\" sizes=\"auto, (max-width: 409px) 100vw, 409px\" \/>[\/vc_column_text][\/vc_column][\/vc_row][vc_row][vc_column][vc_empty_space][vc_text_separator title=&#8221;Residential Recycling&#8221; title_align=&#8221;separator_align_left&#8221; color=&#8221;green&#8221; border_width=&#8221;2&#8243; css_animation=&#8221;fadeInDown&#8221;][\/vc_column][\/vc_row][vc_row css=&#8221;.vc_custom_1455449271627{margin-top: 30px !important;}&#8221;][vc_column][vc_column_text]<\/p>\n<p id=\"tw-target-text\" class=\"tw-data-text tw-ta tw-text-small\" dir=\"ltr\" data-placeholder=\"Translation\"><span lang=\"en\">At Supraciclaje we offer residential recycling, weekly, monthly or annually recycling services for single family homes, multifamily homes, duplex homes, apartments, or any <strong>residential property<\/strong>. We offer these benefits to our customers through our comprehensive service that includes the collection of your scrap at the location we are told (home service), to final processing and recycling. Residential properties must recycle the following materials: <\/span><\/p>\n<p class=\"tw-data-text tw-ta tw-text-small\" dir=\"ltr\" data-placeholder=\"Translation\"><strong><span lang=\"en\">Plastic \u00a0\u00a0\u00a0\u00a0<\/span><\/strong><\/p>\n<ul>\n<li class=\"tw-data-text tw-ta tw-text-small\" dir=\"ltr\" data-placeholder=\"Translation\"><span lang=\"en\">Milk and juice cans; Bottles of soft drinks &#8211; articles with narrow neck \u00a0\u00a0\u00a0\u00a0<\/span><\/li>\n<li class=\"tw-data-text tw-ta tw-text-small\" dir=\"ltr\" data-placeholder=\"Translation\"><span lang=\"en\">Detergent and fabric softener packs \u00a0\u00a0\u00a0\u00a0<\/span><\/li>\n<li class=\"tw-data-text tw-ta tw-text-small\" dir=\"ltr\" data-placeholder=\"Translation\"><span lang=\"en\">Packaging of dairy products (yogurt, margarine, etc.) <\/span><\/li>\n<\/ul>\n<p><span lang=\"en\"><strong>PET and Preform PET \u00a0<\/strong>\u00a0\u00a0\u00a0<\/span><\/p>\n<ul>\n<li><span lang=\"en\">PET Refresh Bottles \u00a0\u00a0\u00a0\u00a0<\/span><\/li>\n<li><span lang=\"en\">PET Containers <\/span><\/li>\n<\/ul>\n<p><span lang=\"en\"><strong>Glass \u00a0\u00a0<\/strong>\u00a0\u00a0<\/span><\/p>\n<ul>\n<li><span lang=\"en\">Bottles and jars, of any color <\/span><\/li>\n<\/ul>\n<p><span lang=\"en\"><strong>Oil \u00a0<\/strong>\u00a0\u00a0\u00a0<\/span><\/p>\n<ul>\n<li><span lang=\"en\">Motor oil \u00a0\u00a0\u00a0\u00a0<\/span><\/li>\n<li><span lang=\"en\">Vegetable oil <\/span><\/li>\n<\/ul>\n<p><span lang=\"en\"><strong>Ferrous Metals<\/strong> (Iron and Steel) \u00a0\u00a0\u00a0\u00a0<\/span><\/p>\n<ul>\n<li><span lang=\"en\">Maximum dimensions: 2 feet x 2 feet x 2 feet, 35 pounds; without pieces of wood, plastic or rubber (large appliances, bicycles, cabinets, doors, grills, iron furniture, etc.). <\/span><\/li>\n<\/ul>\n<p><span lang=\"en\"><strong>Non-Ferrous Metals<\/strong> (Copper and Aluminum) \u00a0\u00a0\u00a0\u00a0<\/span><\/p>\n<ul>\n<li><span lang=\"en\">Cans of soda and soft drinks \u00a0\u00a0\u00a0\u00a0<\/span><\/li>\n<li><span lang=\"en\">Canned Food Cans <\/span><\/li>\n<\/ul>\n<p><span lang=\"en\"><strong>Paper <\/strong>\u00a0\u00a0\u00a0\u00a0<\/span><\/p>\n<ul>\n<li><span lang=\"en\">Newspapers and Advertising Brochures \u00a0\u00a0\u00a0\u00a0<\/span><\/li>\n<li><span lang=\"en\">Envelopes and commercials \u00a0\u00a0\u00a0\u00a0<\/span><\/li>\n<li><span lang=\"en\">Magazines, catalogs and telephone directories \u00a0\u00a0\u00a0\u00a0<\/span><\/li>\n<li><span lang=\"en\">Boxes of juice and milk \u00a0\u00a0\u00a0\u00a0<\/span><\/li>\n<li><span lang=\"en\">Mixed papers <\/span><\/li>\n<\/ul>\n<p><span lang=\"en\"><strong>Cardboard<\/strong> \u00a0\u00a0\u00a0\u00a0<\/span><\/p>\n<ul>\n<li><span lang=\"en\">Boxes \u00a0\u00a0\u00a0\u00a0<\/span><\/li>\n<li><span lang=\"en\">Food containers, etc.<\/span><\/li>\n<\/ul>\n<p>[\/vc_column_text][vc_empty_space][vc_text_separator title=&#8221;Why consider implementing residential recycling on my property?&#8221; title_align=&#8221;separator_align_left&#8221; color=&#8221;green&#8221; border_width=&#8221;2&#8243; css_animation=&#8221;fadeInLeft&#8221;][vc_empty_space][vc_column_text]<\/p>\n<p id=\"tw-target-text\" class=\"tw-data-text tw-ta tw-text-small\" dir=\"ltr\" data-placeholder=\"Translation\"><span lang=\"en\">Some of the benefits about residential recycling: \u00a0\u00a0\u00a0\u00a0<\/span><\/p>\n<ul>\n<li class=\"tw-data-text tw-ta tw-text-small\" dir=\"ltr\" data-placeholder=\"Translation\"><span lang=\"en\"><strong>Economic<\/strong>: By taking advantage of solid waste as a raw material for new products, the costs are translated into obtaining it and it becomes an income alternative, since we pay for your separate waste. \u00a0\u00a0\u00a0\u00a0<\/span><\/li>\n<li class=\"tw-data-text tw-ta tw-text-small\" dir=\"ltr\" data-placeholder=\"Translation\"><span lang=\"en\"><strong>Social<\/strong>: With the separation of waste at a residential level, the working conditions of our recyclers are improved, their work is dignified, the work groups and environmental projects are strengthened and promoted. \u00a0\u00a0\u00a0\u00a0<\/span><\/li>\n<li class=\"tw-data-text tw-ta tw-text-small\" dir=\"ltr\" data-placeholder=\"Translation\"><span lang=\"en\"><strong>Environmental<\/strong>: It emphasizes the reduction in the consumption of products, reduction in the expenditure of the natural resources. Increase the useful life of the landfill and improve the environmental quality of the city. <\/span><\/li>\n<\/ul>\n<p><span lang=\"en\">The residential landscape is constantly changing and more people are choosing saving methods on consumption expenses and environmentally friendly alternatives. You can also make the residential property profitable by hiring our services.<\/span>[\/vc_column_text][\/vc_column][\/vc_row][vc_row][vc_column][vc_empty_space][vc_column_text]<\/p>\n<div class=\"_Ejb\">\n<div id=\"tw-target\">\n<div id=\"tw-target-text-container\" class=\"tw-ta-container tw-nfl\">\n<p id=\"tw-target-text\" class=\"tw-data-text tw-ta tw-text-small\" dir=\"ltr\" style=\"text-align: center;\" data-placeholder=\"Translation\"><a href=\"http:\/\/supraciclaje.com\/en\/contact\/\"><span lang=\"en\">Request more information about prices and our service of recycling for a residential level<\/span><\/a><\/p>\n<\/div>\n<\/div>\n<\/div>\n<p>[\/vc_column_text][\/vc_column][\/vc_row]<\/p>\n<\/div>","protected":false},"excerpt":{"rendered":"<p>[vc_row][vc_column width=&#8221;1\/2&#8243;][vc_column_text css_animation=&#8221;fadeInLeftBig&#8221;][\/vc_column_text][\/vc_column][vc_column width=&#8221;1\/2&#8243;][vc_column_text css_animation=&#8221;fadeInRightBig&#8221;][\/vc_column_text][\/vc_column][\/vc_row][vc_row][vc_column][vc_empty_space][vc_text_separator title=&#8221;Residential Recycling&#8221; title_align=&#8221;separator_align_left&#8221; color=&#8221;green&#8221; border_width=&#8221;2&#8243; css_animation=&#8221;fadeInDown&#8221;][\/vc_column][\/vc_row][vc_row css=&#8221;.vc_custom_1455449271627{margin-top: 30px !important;}&#8221;][vc_column][vc_column_text] At Supraciclaje we offer residential recycling, weekly, monthly or annually recycling services for single family homes, multifamily homes, duplex homes, apartments, or any residential property. We offer these benefits to our customers through our comprehensive service that includes the collection of [&hellip;]<\/p>\n","protected":false},"author":1,"featured_media":788,"parent":1033,"menu_order":1,"comment_status":"closed","ping_status":"closed","template":"page-tpl_left_sidebar.php","meta":{"footnotes":""},"class_list":["post-919","page","type-page","status-publish","has-post-thumbnail","hentry"],"yoast_head":"<!-- This site is optimized with the Yoast SEO plugin v27.3 - https:\/\/yoast.com\/product\/yoast-seo-wordpress\/ -->\n<title>Residential recycling, scrap buying service from your property.<\/title>\n<meta name=\"description\" content=\"We offer residential recycling for people who want to recycle their trash from home, metals, PET plastic, oil, paper, cardboard, etc. Contact us.\" \/>\n<meta name=\"robots\" content=\"index, follow, max-snippet:-1, max-image-preview:large, max-video-preview:-1\" \/>\n<link rel=\"canonical\" href=\"https:\/\/supraciclaje.com\/en\/recycling\/home\/\" \/>\n<meta property=\"og:locale\" content=\"en_US\" \/>\n<meta property=\"og:type\" content=\"article\" \/>\n<meta property=\"og:title\" content=\"Residential recycling, scrap buying service from your property.\" \/>\n<meta property=\"og:description\" content=\"We offer residential recycling for people who want to recycle their trash from home, metals, PET plastic, oil, paper, cardboard, etc. Contact us.\" \/>\n<meta property=\"og:url\" content=\"https:\/\/supraciclaje.com\/en\/recycling\/home\/\" \/>\n<meta property=\"og:site_name\" content=\"Supraciclaje Recicladora\" \/>\n<meta property=\"article:modified_time\" content=\"2017-06-30T21:13:25+00:00\" \/>\n<meta property=\"og:image\" content=\"https:\/\/supraciclaje.com\/wp-content\/uploads\/2017\/06\/recoleccion-reciclados-reciclaje-residencial-mexico.jpg\" \/>\n\t<meta property=\"og:image:width\" content=\"600\" \/>\n\t<meta property=\"og:image:height\" content=\"400\" \/>\n\t<meta property=\"og:image:type\" content=\"image\/jpeg\" \/>\n<meta name=\"twitter:card\" content=\"summary_large_image\" \/>\n<meta name=\"twitter:label1\" content=\"Est. reading time\" \/>\n\t<meta name=\"twitter:data1\" content=\"2 minutes\" \/>\n<script type=\"application\/ld+json\" class=\"yoast-schema-graph\">{\"@context\":\"https:\\\/\\\/schema.org\",\"@graph\":[{\"@type\":\"WebPage\",\"@id\":\"https:\\\/\\\/supraciclaje.com\\\/en\\\/recycling\\\/home\\\/\",\"url\":\"https:\\\/\\\/supraciclaje.com\\\/en\\\/recycling\\\/home\\\/\",\"name\":\"Residential recycling, scrap buying service from your property.\",\"isPartOf\":{\"@id\":\"https:\\\/\\\/supraciclaje.com\\\/#website\"},\"primaryImageOfPage\":{\"@id\":\"https:\\\/\\\/supraciclaje.com\\\/en\\\/recycling\\\/home\\\/#primaryimage\"},\"image\":{\"@id\":\"https:\\\/\\\/supraciclaje.com\\\/en\\\/recycling\\\/home\\\/#primaryimage\"},\"thumbnailUrl\":\"https:\\\/\\\/supraciclaje.com\\\/wp-content\\\/uploads\\\/2017\\\/06\\\/recoleccion-reciclados-reciclaje-residencial-mexico.jpg\",\"datePublished\":\"2017-06-23T21:18:28+00:00\",\"dateModified\":\"2017-06-30T21:13:25+00:00\",\"description\":\"We offer residential recycling for people who want to recycle their trash from home, metals, PET plastic, oil, paper, cardboard, etc. Contact us.\",\"breadcrumb\":{\"@id\":\"https:\\\/\\\/supraciclaje.com\\\/en\\\/recycling\\\/home\\\/#breadcrumb\"},\"inLanguage\":\"en-US\",\"potentialAction\":[{\"@type\":\"ReadAction\",\"target\":[\"https:\\\/\\\/supraciclaje.com\\\/en\\\/recycling\\\/home\\\/\"]}]},{\"@type\":\"ImageObject\",\"inLanguage\":\"en-US\",\"@id\":\"https:\\\/\\\/supraciclaje.com\\\/en\\\/recycling\\\/home\\\/#primaryimage\",\"url\":\"https:\\\/\\\/supraciclaje.com\\\/wp-content\\\/uploads\\\/2017\\\/06\\\/recoleccion-reciclados-reciclaje-residencial-mexico.jpg\",\"contentUrl\":\"https:\\\/\\\/supraciclaje.com\\\/wp-content\\\/uploads\\\/2017\\\/06\\\/recoleccion-reciclados-reciclaje-residencial-mexico.jpg\",\"width\":600,\"height\":400,\"caption\":\"Reciclaje residencial, recolecci\u00f3n de chatarra, papel, cart\u00f3n, vidrio, pl\u00e1stico, aceite y mucho m\u00e1s\"},{\"@type\":\"BreadcrumbList\",\"@id\":\"https:\\\/\\\/supraciclaje.com\\\/en\\\/recycling\\\/home\\\/#breadcrumb\",\"itemListElement\":[{\"@type\":\"ListItem\",\"position\":1,\"name\":\"Portada\",\"item\":\"https:\\\/\\\/supraciclaje.com\\\/en\\\/\"},{\"@type\":\"ListItem\",\"position\":2,\"name\":\"Recycling\",\"item\":\"https:\\\/\\\/supraciclaje.com\\\/en\\\/recycling\\\/\"},{\"@type\":\"ListItem\",\"position\":3,\"name\":\"Home Recycling\"}]},{\"@type\":\"WebSite\",\"@id\":\"https:\\\/\\\/supraciclaje.com\\\/#website\",\"url\":\"https:\\\/\\\/supraciclaje.com\\\/\",\"name\":\"Supraciclaje Recicladora\",\"description\":\"El Reciclaje de chatarra mas eficiente de M\u00e9xico\",\"publisher\":{\"@id\":\"https:\\\/\\\/supraciclaje.com\\\/#organization\"},\"potentialAction\":[{\"@type\":\"SearchAction\",\"target\":{\"@type\":\"EntryPoint\",\"urlTemplate\":\"https:\\\/\\\/supraciclaje.com\\\/?s={search_term_string}\"},\"query-input\":{\"@type\":\"PropertyValueSpecification\",\"valueRequired\":true,\"valueName\":\"search_term_string\"}}],\"inLanguage\":\"en-US\"},{\"@type\":\"Organization\",\"@id\":\"https:\\\/\\\/supraciclaje.com\\\/#organization\",\"name\":\"Supraciclaje Recicladora\",\"url\":\"https:\\\/\\\/supraciclaje.com\\\/\",\"logo\":{\"@type\":\"ImageObject\",\"inLanguage\":\"en-US\",\"@id\":\"https:\\\/\\\/supraciclaje.com\\\/#\\\/schema\\\/logo\\\/image\\\/\",\"url\":\"https:\\\/\\\/supraciclaje.com\\\/wp-content\\\/uploads\\\/2017\\\/06\\\/supraciclaje-watermark-logo-big.png\",\"contentUrl\":\"https:\\\/\\\/supraciclaje.com\\\/wp-content\\\/uploads\\\/2017\\\/06\\\/supraciclaje-watermark-logo-big.png\",\"width\":566,\"height\":88,\"caption\":\"Supraciclaje Recicladora\"},\"image\":{\"@id\":\"https:\\\/\\\/supraciclaje.com\\\/#\\\/schema\\\/logo\\\/image\\\/\"}}]}<\/script>\n<!-- \/ Yoast SEO plugin. -->","yoast_head_json":{"title":"Residential recycling, scrap buying service from your property.","description":"We offer residential recycling for people who want to recycle their trash from home, metals, PET plastic, oil, paper, cardboard, etc. Contact us.","robots":{"index":"index","follow":"follow","max-snippet":"max-snippet:-1","max-image-preview":"max-image-preview:large","max-video-preview":"max-video-preview:-1"},"canonical":"https:\/\/supraciclaje.com\/en\/recycling\/home\/","og_locale":"en_US","og_type":"article","og_title":"Residential recycling, scrap buying service from your property.","og_description":"We offer residential recycling for people who want to recycle their trash from home, metals, PET plastic, oil, paper, cardboard, etc. Contact us.","og_url":"https:\/\/supraciclaje.com\/en\/recycling\/home\/","og_site_name":"Supraciclaje Recicladora","article_modified_time":"2017-06-30T21:13:25+00:00","og_image":[{"width":600,"height":400,"url":"https:\/\/supraciclaje.com\/wp-content\/uploads\/2017\/06\/recoleccion-reciclados-reciclaje-residencial-mexico.jpg","type":"image\/jpeg"}],"twitter_card":"summary_large_image","twitter_misc":{"Est. reading time":"2 minutes"},"schema":{"@context":"https:\/\/schema.org","@graph":[{"@type":"WebPage","@id":"https:\/\/supraciclaje.com\/en\/recycling\/home\/","url":"https:\/\/supraciclaje.com\/en\/recycling\/home\/","name":"Residential recycling, scrap buying service from your property.","isPartOf":{"@id":"https:\/\/supraciclaje.com\/#website"},"primaryImageOfPage":{"@id":"https:\/\/supraciclaje.com\/en\/recycling\/home\/#primaryimage"},"image":{"@id":"https:\/\/supraciclaje.com\/en\/recycling\/home\/#primaryimage"},"thumbnailUrl":"https:\/\/supraciclaje.com\/wp-content\/uploads\/2017\/06\/recoleccion-reciclados-reciclaje-residencial-mexico.jpg","datePublished":"2017-06-23T21:18:28+00:00","dateModified":"2017-06-30T21:13:25+00:00","description":"We offer residential recycling for people who want to recycle their trash from home, metals, PET plastic, oil, paper, cardboard, etc. Contact us.","breadcrumb":{"@id":"https:\/\/supraciclaje.com\/en\/recycling\/home\/#breadcrumb"},"inLanguage":"en-US","potentialAction":[{"@type":"ReadAction","target":["https:\/\/supraciclaje.com\/en\/recycling\/home\/"]}]},{"@type":"ImageObject","inLanguage":"en-US","@id":"https:\/\/supraciclaje.com\/en\/recycling\/home\/#primaryimage","url":"https:\/\/supraciclaje.com\/wp-content\/uploads\/2017\/06\/recoleccion-reciclados-reciclaje-residencial-mexico.jpg","contentUrl":"https:\/\/supraciclaje.com\/wp-content\/uploads\/2017\/06\/recoleccion-reciclados-reciclaje-residencial-mexico.jpg","width":600,"height":400,"caption":"Reciclaje residencial, recolecci\u00f3n de chatarra, papel, cart\u00f3n, vidrio, pl\u00e1stico, aceite y mucho m\u00e1s"},{"@type":"BreadcrumbList","@id":"https:\/\/supraciclaje.com\/en\/recycling\/home\/#breadcrumb","itemListElement":[{"@type":"ListItem","position":1,"name":"Portada","item":"https:\/\/supraciclaje.com\/en\/"},{"@type":"ListItem","position":2,"name":"Recycling","item":"https:\/\/supraciclaje.com\/en\/recycling\/"},{"@type":"ListItem","position":3,"name":"Home Recycling"}]},{"@type":"WebSite","@id":"https:\/\/supraciclaje.com\/#website","url":"https:\/\/supraciclaje.com\/","name":"Supraciclaje Recicladora","description":"El Reciclaje de chatarra mas eficiente de M\u00e9xico","publisher":{"@id":"https:\/\/supraciclaje.com\/#organization"},"potentialAction":[{"@type":"SearchAction","target":{"@type":"EntryPoint","urlTemplate":"https:\/\/supraciclaje.com\/?s={search_term_string}"},"query-input":{"@type":"PropertyValueSpecification","valueRequired":true,"valueName":"search_term_string"}}],"inLanguage":"en-US"},{"@type":"Organization","@id":"https:\/\/supraciclaje.com\/#organization","name":"Supraciclaje Recicladora","url":"https:\/\/supraciclaje.com\/","logo":{"@type":"ImageObject","inLanguage":"en-US","@id":"https:\/\/supraciclaje.com\/#\/schema\/logo\/image\/","url":"https:\/\/supraciclaje.com\/wp-content\/uploads\/2017\/06\/supraciclaje-watermark-logo-big.png","contentUrl":"https:\/\/supraciclaje.com\/wp-content\/uploads\/2017\/06\/supraciclaje-watermark-logo-big.png","width":566,"height":88,"caption":"Supraciclaje Recicladora"},"image":{"@id":"https:\/\/supraciclaje.com\/#\/schema\/logo\/image\/"}}]}},"_links":{"self":[{"href":"https:\/\/supraciclaje.com\/en\/wp-json\/wp\/v2\/pages\/919","targetHints":{"allow":["GET"]}}],"collection":[{"href":"https:\/\/supraciclaje.com\/en\/wp-json\/wp\/v2\/pages"}],"about":[{"href":"https:\/\/supraciclaje.com\/en\/wp-json\/wp\/v2\/types\/page"}],"author":[{"embeddable":true,"href":"https:\/\/supraciclaje.com\/en\/wp-json\/wp\/v2\/users\/1"}],"replies":[{"embeddable":true,"href":"https:\/\/supraciclaje.com\/en\/wp-json\/wp\/v2\/comments?post=919"}],"version-history":[{"count":0,"href":"https:\/\/supraciclaje.com\/en\/wp-json\/wp\/v2\/pages\/919\/revisions"}],"up":[{"embeddable":true,"href":"https:\/\/supraciclaje.com\/en\/wp-json\/wp\/v2\/pages\/1033"}],"wp:featuredmedia":[{"embeddable":true,"href":"https:\/\/supraciclaje.com\/en\/wp-json\/wp\/v2\/media\/788"}],"wp:attachment":[{"href":"https:\/\/supraciclaje.com\/en\/wp-json\/wp\/v2\/media?parent=919"}],"curies":[{"name":"wp","href":"https:\/\/api.w.org\/{rel}","templated":true}]}}